{"id":444,"date":"2016-04-12T15:27:27","date_gmt":"2016-04-12T15:27:27","guid":{"rendered":"https:\/\/envirologique.com\/en\/?page_id=444"},"modified":"2016-06-06T18:15:11","modified_gmt":"2016-06-06T18:15:11","slug":"quebec-city-branch","status":"publish","type":"page","link":"https:\/\/envirologique.com\/en\/service-areas\/quebec-city-branch\/","title":{"rendered":"Qu\u00e9bec City Branch"},"content":{"rendered":"<p><strong><a href=\"https:\/\/envirologique.com\/en\/service-areas\/quebec-city-branch\/\">Qu\u00e9bec City Branch<\/a><\/strong><br \/>\n1375 rue Frank-Carell, Unit 29<img loading=\"lazy\" decoding=\"async\" class=\"alignright size-medium wp-image-438\" src=\"https:\/\/envirologique.com\/wp-content\/uploads\/2016\/04\/Quebec-graph-map-web-300x300.jpg\" alt=\"Quebec graph map-web\" width=\"300\" height=\"300\" srcset=\"https:\/\/envirologique.com\/wp-content\/uploads\/2016\/04\/Quebec-graph-map-web-300x300.jpg 300w, https:\/\/envirologique.com\/wp-content\/uploads\/2016\/04\/Quebec-graph-map-web-150x150.jpg 150w, https:\/\/envirologique.com\/wp-content\/uploads\/2016\/04\/Quebec-graph-map-web.jpg 336w\" sizes=\"auto, (max-width: 300px) 100vw, 300px\" \/><br \/>\nQu\u00e9bec, QC,<br \/>\nG1N 2E7<\/p>\n<p><strong>Local:<\/strong> (418) 872-8416<br \/>\n<strong>Fax:<\/strong> (450)-433-6565<\/p>\n<h5>Office Hours:<\/h5>\n<p>Weekdays: Mon-Fri: 8:00 AM to 5:00 PM<br \/>\nWeekend: Appointments only<\/p>\n<h5>Customer Service:<\/h5>\n<p><strong>Toll Free: <span style=\"color: #ff0000;\">1-800-800-6754<\/span><\/strong><\/p>\n<p><iframe loading=\"lazy\" style=\"border: 0;\" src=\"https:\/\/www.google.com\/maps\/embed?pb=!1m18!1m12!1m3!1d2731.3682907112952!2d-71.26028748424794!3d46.797050751540354!2m3!1f0!2f0!3f0!3m2!1i1024!2i768!4f13.1!3m3!1m2!1s0x4cb896f3b720b51d%3A0x5f1134f8750c7286!2s1375+Rue+Frank-Carrel+%2329%2C+Ville+de+Qu%C3%A9bec%2C+QC+G1N+2E7!5e0!3m2!1sen!2sca!4v1460474981865\" width=\"600\" height=\"450\" frameborder=\"0\" allowfullscreen=\"allowfullscreen\"><\/iframe><\/p>\n","protected":false},"excerpt":{"rendered":"<p>Qu\u00e9bec City Branch 1375 rue Frank-Carell, Unit 29 Qu\u00e9bec, QC, G1N 2E7 Local: (418) 872-8416 Fax: (450)-433-6565 Office Hours: Weekdays: Mon-Fri: 8:00 AM to 5:00 PM Weekend: Appointments only Customer Service: Toll Free: 1-800-800-6754<\/p>\n","protected":false},"author":1,"featured_media":0,"parent":45,"menu_order":0,"comment_status":"closed","ping_status":"closed","template":"","meta":{"_genesis_hide_title":false,"_genesis_hide_breadcrumbs":false,"_genesis_hide_singular_image":false,"_genesis_hide_footer_widgets":false,"_genesis_custom_body_class":"","_genesis_custom_post_class":"","_genesis_layout":"","footnotes":""},"class_list":{"0":"post-444","1":"page","2":"type-page","3":"status-publish","5":"entry"},"yoast_head":"<!-- This site is optimized with the Yoast SEO plugin v19.7.1 - https:\/\/yoast.com\/wordpress\/plugins\/seo\/ -->\n<title>Qu\u00e9bec City Branch for Pest Control Services in Quebec<\/title>\n<meta name=\"description\" content=\"Qu\u00e9bec City Branch for Pest Control Services in Quebec is located at 1375 rue Frank-Carell, Unit 29 Qu\u00e9bec, QC, G1N 2E7. Open Weekdays: 8:00 AM to 5:00 PM.\" \/>\n<meta name=\"robots\" content=\"index, follow, max-snippet:-1, max-image-preview:large, max-video-preview:-1\" \/>\n<link rel=\"canonical\" href=\"https:\/\/envirologique.com\/en\/service-areas\/quebec-city-branch\/\" \/>\n<meta property=\"og:locale\" content=\"en_US\" \/>\n<meta property=\"og:type\" content=\"article\" \/>\n<meta property=\"og:title\" content=\"Qu\u00e9bec City Branch for Pest Control Services in Quebec\" \/>\n<meta property=\"og:description\" content=\"Qu\u00e9bec City Branch for Pest Control Services in Quebec is located at 1375 rue Frank-Carell, Unit 29 Qu\u00e9bec, QC, G1N 2E7. Open Weekdays: 8:00 AM to 5:00 PM.\" \/>\n<meta property=\"og:url\" content=\"https:\/\/envirologique.com\/en\/service-areas\/quebec-city-branch\/\" \/>\n<meta property=\"og:site_name\" content=\"Pest Control | Extermination | Envirologique\" \/>\n<meta property=\"article:modified_time\" content=\"2016-06-06T18:15:11+00:00\" \/>\n<meta property=\"og:image\" content=\"https:\/\/envirologique.com\/wp-content\/uploads\/2016\/04\/Quebec-graph-map-web-300x300.jpg\" \/>\n<meta name=\"twitter:card\" content=\"summary\" \/>\n<script type=\"application\/ld+json\" class=\"yoast-schema-graph\">{\"@context\":\"https:\/\/schema.org\",\"@graph\":[{\"@type\":\"WebPage\",\"@id\":\"https:\/\/envirologique.com\/en\/service-areas\/quebec-city-branch\/\",\"url\":\"https:\/\/envirologique.com\/en\/service-areas\/quebec-city-branch\/\",\"name\":\"Qu\u00e9bec City Branch for Pest Control Services in Quebec\",\"isPartOf\":{\"@id\":\"https:\/\/envirologique.com\/#website\"},\"datePublished\":\"2016-04-12T15:27:27+00:00\",\"dateModified\":\"2016-06-06T18:15:11+00:00\",\"description\":\"Qu\u00e9bec City Branch for Pest Control Services in Quebec is located at 1375 rue Frank-Carell, Unit 29 Qu\u00e9bec, QC, G1N 2E7. Open Weekdays: 8:00 AM to 5:00 PM.\",\"breadcrumb\":{\"@id\":\"https:\/\/envirologique.com\/en\/service-areas\/quebec-city-branch\/#breadcrumb\"},\"inLanguage\":\"en-US\",\"potentialAction\":[{\"@type\":\"ReadAction\",\"target\":[\"https:\/\/envirologique.com\/en\/service-areas\/quebec-city-branch\/\"]}]},{\"@type\":\"BreadcrumbList\",\"@id\":\"https:\/\/envirologique.com\/en\/service-areas\/quebec-city-branch\/#breadcrumb\",\"itemListElement\":[{\"@type\":\"ListItem\",\"position\":1,\"name\":\"Home\",\"item\":\"https:\/\/envirologique.com\/en\/\"},{\"@type\":\"ListItem\",\"position\":2,\"name\":\"Service Areas\",\"item\":\"https:\/\/envirologique.com\/en\/service-areas\/\"},{\"@type\":\"ListItem\",\"position\":3,\"name\":\"Qu\u00e9bec City Branch\"}]},{\"@type\":\"WebSite\",\"@id\":\"https:\/\/envirologique.com\/#website\",\"url\":\"https:\/\/envirologique.com\/\",\"name\":\"Pest Control | Extermination | Envirologique\",\"description\":\"Serving Qu\u00e9bec since 1962\",\"potentialAction\":[{\"@type\":\"SearchAction\",\"target\":{\"@type\":\"EntryPoint\",\"urlTemplate\":\"https:\/\/envirologique.com\/?s={search_term_string}\"},\"query-input\":\"required name=search_term_string\"}],\"inLanguage\":\"en-US\"}]}<\/script>\n<!-- \/ Yoast SEO plugin. -->","yoast_head_json":{"title":"Qu\u00e9bec City Branch for Pest Control Services in Quebec","description":"Qu\u00e9bec City Branch for Pest Control Services in Quebec is located at 1375 rue Frank-Carell, Unit 29 Qu\u00e9bec, QC, G1N 2E7. Open Weekdays: 8:00 AM to 5:00 PM.","robots":{"index":"index","follow":"follow","max-snippet":"max-snippet:-1","max-image-preview":"max-image-preview:large","max-video-preview":"max-video-preview:-1"},"canonical":"https:\/\/envirologique.com\/en\/service-areas\/quebec-city-branch\/","og_locale":"en_US","og_type":"article","og_title":"Qu\u00e9bec City Branch for Pest Control Services in Quebec","og_description":"Qu\u00e9bec City Branch for Pest Control Services in Quebec is located at 1375 rue Frank-Carell, Unit 29 Qu\u00e9bec, QC, G1N 2E7. Open Weekdays: 8:00 AM to 5:00 PM.","og_url":"https:\/\/envirologique.com\/en\/service-areas\/quebec-city-branch\/","og_site_name":"Pest Control | Extermination | Envirologique","article_modified_time":"2016-06-06T18:15:11+00:00","og_image":[{"url":"https:\/\/envirologique.com\/wp-content\/uploads\/2016\/04\/Quebec-graph-map-web-300x300.jpg"}],"twitter_card":"summary","schema":{"@context":"https:\/\/schema.org","@graph":[{"@type":"WebPage","@id":"https:\/\/envirologique.com\/en\/service-areas\/quebec-city-branch\/","url":"https:\/\/envirologique.com\/en\/service-areas\/quebec-city-branch\/","name":"Qu\u00e9bec City Branch for Pest Control Services in Quebec","isPartOf":{"@id":"https:\/\/envirologique.com\/#website"},"datePublished":"2016-04-12T15:27:27+00:00","dateModified":"2016-06-06T18:15:11+00:00","description":"Qu\u00e9bec City Branch for Pest Control Services in Quebec is located at 1375 rue Frank-Carell, Unit 29 Qu\u00e9bec, QC, G1N 2E7. Open Weekdays: 8:00 AM to 5:00 PM.","breadcrumb":{"@id":"https:\/\/envirologique.com\/en\/service-areas\/quebec-city-branch\/#breadcrumb"},"inLanguage":"en-US","potentialAction":[{"@type":"ReadAction","target":["https:\/\/envirologique.com\/en\/service-areas\/quebec-city-branch\/"]}]},{"@type":"BreadcrumbList","@id":"https:\/\/envirologique.com\/en\/service-areas\/quebec-city-branch\/#breadcrumb","itemListElement":[{"@type":"ListItem","position":1,"name":"Home","item":"https:\/\/envirologique.com\/en\/"},{"@type":"ListItem","position":2,"name":"Service Areas","item":"https:\/\/envirologique.com\/en\/service-areas\/"},{"@type":"ListItem","position":3,"name":"Qu\u00e9bec City Branch"}]},{"@type":"WebSite","@id":"https:\/\/envirologique.com\/#website","url":"https:\/\/envirologique.com\/","name":"Pest Control | Extermination | Envirologique","description":"Serving Qu\u00e9bec since 1962","potentialAction":[{"@type":"SearchAction","target":{"@type":"EntryPoint","urlTemplate":"https:\/\/envirologique.com\/?s={search_term_string}"},"query-input":"required name=search_term_string"}],"inLanguage":"en-US"}]}},"_links":{"self":[{"href":"https:\/\/envirologique.com\/en\/wp-json\/wp\/v2\/pages\/444","targetHints":{"allow":["GET"]}}],"collection":[{"href":"https:\/\/envirologique.com\/en\/wp-json\/wp\/v2\/pages"}],"about":[{"href":"https:\/\/envirologique.com\/en\/wp-json\/wp\/v2\/types\/page"}],"author":[{"embeddable":true,"href":"https:\/\/envirologique.com\/en\/wp-json\/wp\/v2\/users\/1"}],"replies":[{"embeddable":true,"href":"https:\/\/envirologique.com\/en\/wp-json\/wp\/v2\/comments?post=444"}],"version-history":[{"count":6,"href":"https:\/\/envirologique.com\/en\/wp-json\/wp\/v2\/pages\/444\/revisions"}],"predecessor-version":[{"id":451,"href":"https:\/\/envirologique.com\/en\/wp-json\/wp\/v2\/pages\/444\/revisions\/451"}],"up":[{"embeddable":true,"href":"https:\/\/envirologique.com\/en\/wp-json\/wp\/v2\/pages\/45"}],"wp:attachment":[{"href":"https:\/\/envirologique.com\/en\/wp-json\/wp\/v2\/media?parent=444"}],"curies":[{"name":"wp","href":"https:\/\/api.w.org\/{rel}","templated":true}]}}